{"id":10619,"date":"2025-06-02T15:09:22","date_gmt":"2025-06-02T13:09:22","guid":{"rendered":"https:\/\/strassermichael.at\/?post_type=product&#038;p=10619"},"modified":"2025-09-26T19:23:16","modified_gmt":"2025-09-26T17:23:16","slug":"schneeberg-express-2025-ticket-wandern","status":"publish","type":"product","link":"https:\/\/strassermichael.at\/de\/produkt\/schneeberg-express-2025-ticket-wandern\/","title":{"rendered":"Schneeberg Express 2025 Ticket: Wandern"},"content":{"rendered":"<p>Ein Ticket f\u00fcr den heurigen \u201eSchneeberg Express\u201c &#8211; Wandern (jause vor wanderung, grillerei mit buchtel, live musik,\u2026)<\/p>\n<p>Datum: 27.09.2025<br \/>\nErsatztermin: 04.10.2025<br \/>\nMehr Infos:\u00a0<a href=\"https:\/\/racing4charity.co.at\/\">https:\/\/racing4charity.co.at\/<\/a><\/p>\n<p><strong>Hinweis: Hierbei handelt es sich um das reine Wander-Ticket (abz\u00fcglich Begleitfahrzeuge, Rad-Guides, Gep\u00e4ckservice etc.). Das Ticket f\u00fcr Rad &amp; Wandern gibt es <a href=\"https:\/\/strassermichael.at\/de\/shop\/\">im Shop<\/a>.<\/strong><\/p>\n","protected":false},"excerpt":{"rendered":"<p>Ein Ticket f\u00fcr den heurigen \u201eSchneeberg Express\u201c &#8211; Wandern (jause vor wanderung, grillerei mit buchtel, live musik,\u2026)<\/p>\n<p><strong>Datum:<\/strong> 27.09.2025<br \/>\n<strong>Ersatztermin:<\/strong> 04.10.2025<br \/>\n<strong>Mehr Infos:<\/strong>\u00a0<a href=\"https:\/\/racing4charity.co.at\/\">https:\/\/racing4charity.co.at\/<\/a><\/p>\n<p><strong>Hinweis: Hierbei handelt es sich um das reine Wander-Ticket (abz\u00fcglich Begleitfahrzeuge, Rad-Guides, Gep\u00e4ckservice etc.). Das Ticket f\u00fcr Rad &amp; Wandern gibt es <a href=\"https:\/\/strassermichael.at\/de\/shop\/\">im Shop<\/a>.<\/strong><\/p>\n","protected":false},"featured_media":10025,"comment_status":"closed","ping_status":"closed","template":"","meta":{"spay_email":""},"product_cat":[205],"product_tag":[],"acf":[],"yoast_head":"<!-- This site is optimized with the Yoast SEO plugin v19.13 - https:\/\/yoast.com\/wordpress\/plugins\/seo\/ -->\n<title>Schneeberg Express 2025 Ticket: Wandern - Michael Strasser<\/title>\n<meta name=\"robots\" content=\"index, follow, max-snippet:-1, max-image-preview:large, max-video-preview:-1\" \/>\n<link rel=\"canonical\" href=\"https:\/\/strassermichael.at\/de\/produkt\/schneeberg-express-2025-ticket-wandern\/\" \/>\n<meta property=\"og:locale\" content=\"de_DE\" \/>\n<meta property=\"og:type\" content=\"article\" \/>\n<meta property=\"og:title\" content=\"Schneeberg Express 2025 Ticket: Wandern - Michael Strasser\" \/>\n<meta property=\"og:description\" content=\"Ein Ticket f\u00fcr den heurigen \u201eSchneeberg Express\u201c - Wandern (jause vor wanderung, grillerei mit buchtel, live musik,\u2026)  Datum: 27.09.2025 Ersatztermin: 04.10.2025 Mehr Infos:\u00a0https:\/\/racing4charity.co.at\/  Hinweis: Hierbei handelt es sich um das reine Wander-Ticket (abz\u00fcglich Begleitfahrzeuge, Rad-Guides, Gep\u00e4ckservice etc.). Das Ticket f\u00fcr Rad &amp; Wandern gibt es im Shop.\" \/>\n<meta property=\"og:url\" content=\"https:\/\/strassermichael.at\/de\/produkt\/schneeberg-express-2025-ticket-wandern\/\" \/>\n<meta property=\"og:site_name\" content=\"Michael Strasser\" \/>\n<meta property=\"article:publisher\" content=\"https:\/\/www.facebook.com\/Michael-Strasser-1525646607758167\/\" \/>\n<meta property=\"article:modified_time\" content=\"2025-09-26T17:23:16+00:00\" \/>\n<meta property=\"og:image\" content=\"https:\/\/strassermichael.at\/wp-content\/uploads\/2024\/03\/Wiesbauer_Schneebergexpress_MarkusFruehmann0552.jpg\" \/>\n\t<meta property=\"og:image:width\" content=\"2000\" \/>\n\t<meta property=\"og:image:height\" content=\"1333\" \/>\n\t<meta property=\"og:image:type\" content=\"image\/jpeg\" \/>\n<meta name=\"twitter:card\" content=\"summary_large_image\" \/>\n<meta name=\"twitter:label1\" content=\"Gesch\u00e4tzte Lesezeit\" \/>\n\t<meta name=\"twitter:data1\" content=\"1\u00a0Minute\" \/>\n<script type=\"application\/ld+json\" class=\"yoast-schema-graph\">{\"@context\":\"https:\/\/schema.org\",\"@graph\":[{\"@type\":\"WebPage\",\"@id\":\"https:\/\/strassermichael.at\/de\/produkt\/schneeberg-express-2025-ticket-wandern\/\",\"url\":\"https:\/\/strassermichael.at\/de\/produkt\/schneeberg-express-2025-ticket-wandern\/\",\"name\":\"Schneeberg Express 2025 Ticket: Wandern - Michael Strasser\",\"isPartOf\":{\"@id\":\"https:\/\/strassermichael.at\/de\/#website\"},\"datePublished\":\"2025-06-02T13:09:22+00:00\",\"dateModified\":\"2025-09-26T17:23:16+00:00\",\"breadcrumb\":{\"@id\":\"https:\/\/strassermichael.at\/de\/produkt\/schneeberg-express-2025-ticket-wandern\/#breadcrumb\"},\"inLanguage\":\"de\",\"potentialAction\":[{\"@type\":\"ReadAction\",\"target\":[\"https:\/\/strassermichael.at\/de\/produkt\/schneeberg-express-2025-ticket-wandern\/\"]}]},{\"@type\":\"BreadcrumbList\",\"@id\":\"https:\/\/strassermichael.at\/de\/produkt\/schneeberg-express-2025-ticket-wandern\/#breadcrumb\",\"itemListElement\":[{\"@type\":\"ListItem\",\"position\":1,\"name\":\"Startseite\",\"item\":\"https:\/\/strassermichael.at\/de\/\"},{\"@type\":\"ListItem\",\"position\":2,\"name\":\"Shop\",\"item\":\"https:\/\/strassermichael.at\/de\/shop\/\"},{\"@type\":\"ListItem\",\"position\":3,\"name\":\"Schneeberg Express 2025 Ticket: Wandern\"}]},{\"@type\":\"WebSite\",\"@id\":\"https:\/\/strassermichael.at\/de\/#website\",\"url\":\"https:\/\/strassermichael.at\/de\/\",\"name\":\"Michael Strasser\",\"description\":\"\",\"potentialAction\":[{\"@type\":\"SearchAction\",\"target\":{\"@type\":\"EntryPoint\",\"urlTemplate\":\"https:\/\/strassermichael.at\/de\/?s={search_term_string}\"},\"query-input\":\"required name=search_term_string\"}],\"inLanguage\":\"de\"}]}<\/script>\n<!-- \/ Yoast SEO plugin. -->","yoast_head_json":{"title":"Schneeberg Express 2025 Ticket: Wandern - Michael Strasser","robots":{"index":"index","follow":"follow","max-snippet":"max-snippet:-1","max-image-preview":"max-image-preview:large","max-video-preview":"max-video-preview:-1"},"canonical":"https:\/\/strassermichael.at\/de\/produkt\/schneeberg-express-2025-ticket-wandern\/","og_locale":"de_DE","og_type":"article","og_title":"Schneeberg Express 2025 Ticket: Wandern - Michael Strasser","og_description":"Ein Ticket f\u00fcr den heurigen \u201eSchneeberg Express\u201c - Wandern (jause vor wanderung, grillerei mit buchtel, live musik,\u2026)  Datum: 27.09.2025 Ersatztermin: 04.10.2025 Mehr Infos:\u00a0https:\/\/racing4charity.co.at\/  Hinweis: Hierbei handelt es sich um das reine Wander-Ticket (abz\u00fcglich Begleitfahrzeuge, Rad-Guides, Gep\u00e4ckservice etc.). Das Ticket f\u00fcr Rad &amp; Wandern gibt es im Shop.","og_url":"https:\/\/strassermichael.at\/de\/produkt\/schneeberg-express-2025-ticket-wandern\/","og_site_name":"Michael Strasser","article_publisher":"https:\/\/www.facebook.com\/Michael-Strasser-1525646607758167\/","article_modified_time":"2025-09-26T17:23:16+00:00","og_image":[{"width":2000,"height":1333,"url":"https:\/\/strassermichael.at\/wp-content\/uploads\/2024\/03\/Wiesbauer_Schneebergexpress_MarkusFruehmann0552.jpg","type":"image\/jpeg"}],"twitter_card":"summary_large_image","twitter_misc":{"Gesch\u00e4tzte Lesezeit":"1\u00a0Minute"},"schema":{"@context":"https:\/\/schema.org","@graph":[{"@type":"WebPage","@id":"https:\/\/strassermichael.at\/de\/produkt\/schneeberg-express-2025-ticket-wandern\/","url":"https:\/\/strassermichael.at\/de\/produkt\/schneeberg-express-2025-ticket-wandern\/","name":"Schneeberg Express 2025 Ticket: Wandern - Michael Strasser","isPartOf":{"@id":"https:\/\/strassermichael.at\/de\/#website"},"datePublished":"2025-06-02T13:09:22+00:00","dateModified":"2025-09-26T17:23:16+00:00","breadcrumb":{"@id":"https:\/\/strassermichael.at\/de\/produkt\/schneeberg-express-2025-ticket-wandern\/#breadcrumb"},"inLanguage":"de","potentialAction":[{"@type":"ReadAction","target":["https:\/\/strassermichael.at\/de\/produkt\/schneeberg-express-2025-ticket-wandern\/"]}]},{"@type":"BreadcrumbList","@id":"https:\/\/strassermichael.at\/de\/produkt\/schneeberg-express-2025-ticket-wandern\/#breadcrumb","itemListElement":[{"@type":"ListItem","position":1,"name":"Startseite","item":"https:\/\/strassermichael.at\/de\/"},{"@type":"ListItem","position":2,"name":"Shop","item":"https:\/\/strassermichael.at\/de\/shop\/"},{"@type":"ListItem","position":3,"name":"Schneeberg Express 2025 Ticket: Wandern"}]},{"@type":"WebSite","@id":"https:\/\/strassermichael.at\/de\/#website","url":"https:\/\/strassermichael.at\/de\/","name":"Michael Strasser","description":"","potentialAction":[{"@type":"SearchAction","target":{"@type":"EntryPoint","urlTemplate":"https:\/\/strassermichael.at\/de\/?s={search_term_string}"},"query-input":"required name=search_term_string"}],"inLanguage":"de"}]}},"_links":{"self":[{"href":"https:\/\/strassermichael.at\/de\/wp-json\/wp\/v2\/product\/10619"}],"collection":[{"href":"https:\/\/strassermichael.at\/de\/wp-json\/wp\/v2\/product"}],"about":[{"href":"https:\/\/strassermichael.at\/de\/wp-json\/wp\/v2\/types\/product"}],"replies":[{"embeddable":true,"href":"https:\/\/strassermichael.at\/de\/wp-json\/wp\/v2\/comments?post=10619"}],"wp:featuredmedia":[{"embeddable":true,"href":"https:\/\/strassermichael.at\/de\/wp-json\/wp\/v2\/media\/10025"}],"wp:attachment":[{"href":"https:\/\/strassermichael.at\/de\/wp-json\/wp\/v2\/media?parent=10619"}],"wp:term":[{"taxonomy":"product_cat","embeddable":true,"href":"https:\/\/strassermichael.at\/de\/wp-json\/wp\/v2\/product_cat?post=10619"},{"taxonomy":"product_tag","embeddable":true,"href":"https:\/\/strassermichael.at\/de\/wp-json\/wp\/v2\/product_tag?post=10619"}],"curies":[{"name":"wp","href":"https:\/\/api.w.org\/{rel}","templated":true}]}}