{"id":7973,"date":"2018-12-15T19:40:23","date_gmt":"2018-12-15T18:40:23","guid":{"rendered":"https:\/\/strassermichael.at\/?post_type=product&#038;p=7973"},"modified":"2018-12-22T13:22:33","modified_gmt":"2018-12-22T12:22:33","slug":"helm-12-peru","status":"publish","type":"product","link":"https:\/\/strassermichael.at\/de\/produkt\/helm-12-peru\/","title":{"rendered":"Helm 12: Peru"},"content":{"rendered":"<p><strong>Aerohelm ABUS Gamechanger<\/strong><\/p>\n<p>Farbe: &#8222;neon-yellow&#8220;<br \/>\nGr\u00f6\u00dfe: Medium (52-58cm Kopfumfang)<br \/>\nGewicht: 270g<\/p>\n","protected":false},"excerpt":{"rendered":"<p><strong>Aerohelm ABUS Gamechanger<\/strong><\/p>\n<p>Helm ab \u20ac250\u00a0(Mindestspende) + Versandpauschale \u20ac10<br \/>\nVersand nach \u00d6sterreich &amp; Deutschland (weitere L\u00e4nder auf Anfrage m\u00f6glich)<\/p>\n<p><strong>Gebraucht!<br \/>\n<\/strong>Die Verwendung (wenige Stunden &#8211; bis zu mehreren Tagen) macht diesen Helm einzigartig.<br \/>\nDer K\u00e4ufer bekommt nach dem Kauf ein Video von der Signatur, welche vor Ort gemacht wurde.<\/p>\n<p>&nbsp;<\/p>\n<p><strong style=\"color: red;\">Bereits vergeben<\/strong><\/p>\n","protected":false},"featured_media":7895,"comment_status":"closed","ping_status":"closed","template":"","meta":{"spay_email":""},"product_cat":[183],"product_tag":[75],"acf":[],"yoast_head":"<!-- This site is optimized with the Yoast SEO plugin v19.13 - https:\/\/yoast.com\/wordpress\/plugins\/seo\/ -->\n<title>Helm 12: Peru - Michael Strasser<\/title>\n<meta name=\"robots\" content=\"index, follow, max-snippet:-1, max-image-preview:large, max-video-preview:-1\" \/>\n<link rel=\"canonical\" href=\"https:\/\/strassermichael.at\/de\/produkt\/helm-12-peru\/\" \/>\n<meta property=\"og:locale\" content=\"de_DE\" \/>\n<meta property=\"og:type\" content=\"article\" \/>\n<meta property=\"og:title\" content=\"Helm 12: Peru - Michael Strasser\" \/>\n<meta property=\"og:description\" content=\"Aerohelm ABUS Gamechanger  Helm ab \u20ac250\u00a0(Mindestspende) + Versandpauschale \u20ac10 Versand nach \u00d6sterreich &amp; Deutschland (weitere L\u00e4nder auf Anfrage m\u00f6glich)  Gebraucht! Die Verwendung (wenige Stunden - bis zu mehreren Tagen) macht diesen Helm einzigartig. Der K\u00e4ufer bekommt nach dem Kauf ein Video von der Signatur, welche vor Ort gemacht wurde.  &nbsp;  Bereits vergeben\" \/>\n<meta property=\"og:url\" content=\"https:\/\/strassermichael.at\/de\/produkt\/helm-12-peru\/\" \/>\n<meta property=\"og:site_name\" content=\"Michael Strasser\" \/>\n<meta property=\"article:publisher\" content=\"https:\/\/www.facebook.com\/Michael-Strasser-1525646607758167\/\" \/>\n<meta property=\"article:modified_time\" content=\"2018-12-22T12:22:33+00:00\" \/>\n<meta property=\"og:image\" content=\"https:\/\/strassermichael.at\/wp-content\/uploads\/2018\/12\/12_helm_peru_f.jpg\" \/>\n\t<meta property=\"og:image:width\" content=\"960\" \/>\n\t<meta property=\"og:image:height\" content=\"960\" \/>\n\t<meta property=\"og:image:type\" content=\"image\/jpeg\" \/>\n<meta name=\"twitter:card\" content=\"summary_large_image\" \/>\n<script type=\"application\/ld+json\" class=\"yoast-schema-graph\">{\"@context\":\"https:\/\/schema.org\",\"@graph\":[{\"@type\":\"WebPage\",\"@id\":\"https:\/\/strassermichael.at\/de\/produkt\/helm-12-peru\/\",\"url\":\"https:\/\/strassermichael.at\/de\/produkt\/helm-12-peru\/\",\"name\":\"Helm 12: Peru - Michael Strasser\",\"isPartOf\":{\"@id\":\"https:\/\/strassermichael.at\/de\/#website\"},\"datePublished\":\"2018-12-15T18:40:23+00:00\",\"dateModified\":\"2018-12-22T12:22:33+00:00\",\"breadcrumb\":{\"@id\":\"https:\/\/strassermichael.at\/de\/produkt\/helm-12-peru\/#breadcrumb\"},\"inLanguage\":\"de\",\"potentialAction\":[{\"@type\":\"ReadAction\",\"target\":[\"https:\/\/strassermichael.at\/de\/produkt\/helm-12-peru\/\"]}]},{\"@type\":\"BreadcrumbList\",\"@id\":\"https:\/\/strassermichael.at\/de\/produkt\/helm-12-peru\/#breadcrumb\",\"itemListElement\":[{\"@type\":\"ListItem\",\"position\":1,\"name\":\"Startseite\",\"item\":\"https:\/\/strassermichael.at\/de\/\"},{\"@type\":\"ListItem\",\"position\":2,\"name\":\"Shop\",\"item\":\"https:\/\/strassermichael.at\/de\/shop\/\"},{\"@type\":\"ListItem\",\"position\":3,\"name\":\"Helm 12: Peru\"}]},{\"@type\":\"WebSite\",\"@id\":\"https:\/\/strassermichael.at\/de\/#website\",\"url\":\"https:\/\/strassermichael.at\/de\/\",\"name\":\"Michael Strasser\",\"description\":\"\",\"potentialAction\":[{\"@type\":\"SearchAction\",\"target\":{\"@type\":\"EntryPoint\",\"urlTemplate\":\"https:\/\/strassermichael.at\/de\/?s={search_term_string}\"},\"query-input\":\"required name=search_term_string\"}],\"inLanguage\":\"de\"}]}<\/script>\n<!-- \/ Yoast SEO plugin. -->","yoast_head_json":{"title":"Helm 12: Peru - Michael Strasser","robots":{"index":"index","follow":"follow","max-snippet":"max-snippet:-1","max-image-preview":"max-image-preview:large","max-video-preview":"max-video-preview:-1"},"canonical":"https:\/\/strassermichael.at\/de\/produkt\/helm-12-peru\/","og_locale":"de_DE","og_type":"article","og_title":"Helm 12: Peru - Michael Strasser","og_description":"Aerohelm ABUS Gamechanger  Helm ab \u20ac250\u00a0(Mindestspende) + Versandpauschale \u20ac10 Versand nach \u00d6sterreich &amp; Deutschland (weitere L\u00e4nder auf Anfrage m\u00f6glich)  Gebraucht! Die Verwendung (wenige Stunden - bis zu mehreren Tagen) macht diesen Helm einzigartig. Der K\u00e4ufer bekommt nach dem Kauf ein Video von der Signatur, welche vor Ort gemacht wurde.  &nbsp;  Bereits vergeben","og_url":"https:\/\/strassermichael.at\/de\/produkt\/helm-12-peru\/","og_site_name":"Michael Strasser","article_publisher":"https:\/\/www.facebook.com\/Michael-Strasser-1525646607758167\/","article_modified_time":"2018-12-22T12:22:33+00:00","og_image":[{"width":960,"height":960,"url":"https:\/\/strassermichael.at\/wp-content\/uploads\/2018\/12\/12_helm_peru_f.jpg","type":"image\/jpeg"}],"twitter_card":"summary_large_image","schema":{"@context":"https:\/\/schema.org","@graph":[{"@type":"WebPage","@id":"https:\/\/strassermichael.at\/de\/produkt\/helm-12-peru\/","url":"https:\/\/strassermichael.at\/de\/produkt\/helm-12-peru\/","name":"Helm 12: Peru - Michael Strasser","isPartOf":{"@id":"https:\/\/strassermichael.at\/de\/#website"},"datePublished":"2018-12-15T18:40:23+00:00","dateModified":"2018-12-22T12:22:33+00:00","breadcrumb":{"@id":"https:\/\/strassermichael.at\/de\/produkt\/helm-12-peru\/#breadcrumb"},"inLanguage":"de","potentialAction":[{"@type":"ReadAction","target":["https:\/\/strassermichael.at\/de\/produkt\/helm-12-peru\/"]}]},{"@type":"BreadcrumbList","@id":"https:\/\/strassermichael.at\/de\/produkt\/helm-12-peru\/#breadcrumb","itemListElement":[{"@type":"ListItem","position":1,"name":"Startseite","item":"https:\/\/strassermichael.at\/de\/"},{"@type":"ListItem","position":2,"name":"Shop","item":"https:\/\/strassermichael.at\/de\/shop\/"},{"@type":"ListItem","position":3,"name":"Helm 12: Peru"}]},{"@type":"WebSite","@id":"https:\/\/strassermichael.at\/de\/#website","url":"https:\/\/strassermichael.at\/de\/","name":"Michael Strasser","description":"","potentialAction":[{"@type":"SearchAction","target":{"@type":"EntryPoint","urlTemplate":"https:\/\/strassermichael.at\/de\/?s={search_term_string}"},"query-input":"required name=search_term_string"}],"inLanguage":"de"}]}},"_links":{"self":[{"href":"https:\/\/strassermichael.at\/de\/wp-json\/wp\/v2\/product\/7973"}],"collection":[{"href":"https:\/\/strassermichael.at\/de\/wp-json\/wp\/v2\/product"}],"about":[{"href":"https:\/\/strassermichael.at\/de\/wp-json\/wp\/v2\/types\/product"}],"replies":[{"embeddable":true,"href":"https:\/\/strassermichael.at\/de\/wp-json\/wp\/v2\/comments?post=7973"}],"wp:featuredmedia":[{"embeddable":true,"href":"https:\/\/strassermichael.at\/de\/wp-json\/wp\/v2\/media\/7895"}],"wp:attachment":[{"href":"https:\/\/strassermichael.at\/de\/wp-json\/wp\/v2\/media?parent=7973"}],"wp:term":[{"taxonomy":"product_cat","embeddable":true,"href":"https:\/\/strassermichael.at\/de\/wp-json\/wp\/v2\/product_cat?post=7973"},{"taxonomy":"product_tag","embeddable":true,"href":"https:\/\/strassermichael.at\/de\/wp-json\/wp\/v2\/product_tag?post=7973"}],"curies":[{"name":"wp","href":"https:\/\/api.w.org\/{rel}","templated":true}]}}